{"id":81,"date":"2015-08-15T14:42:46","date_gmt":"2015-08-15T12:42:46","guid":{"rendered":"http:\/\/flinkwiesel.de\/wordpress\/?page_id=81"},"modified":"2021-11-22T12:47:15","modified_gmt":"2021-11-22T11:47:15","slug":"termine","status":"publish","type":"page","link":"https:\/\/flinkwiesel.de\/tickets\/","title":{"rendered":"Termine"},"content":{"rendered":"<p style=\"text-align: left;\">Pers\u00f6nliche Einzeltermine f\u00fcr <a href=\"http:\/\/flinkwiesel.de\/flintridge\/\" target=\"_blank\" rel=\"noopener\">FLINTRIDGE<\/a> k\u00f6nnen hier ab dem 1. November reserviert werden.<\/p>\n<h3><strong>ALLE VORSTELLUNG FINDEN IM ATELIER FRANKFURT &#8211; SCHWEDLERSTRA\u00dfE 1-5 STATT<\/strong><\/h3>\n<p>Am 19.-21.11 ist die Installation im Rahmen der <em><a href=\"https:\/\/www.atelierfrankfurt.de\/portfolio_page\/19-21-11-2021-open-studios\/\" target=\"_blank\" rel=\"noopener\">Open Studios<\/a>\u00a0<\/em>des ATELIERFRANKFURT ge\u00f6ffnet.<br \/>Eine Reservierung an diesen Tagen ist nur vor Ort m\u00f6glich.<\/p>\n<p>F\u00fcr die Vorstellungen vom 22.-25. November ist ein g\u00fcltiger 2G Nachweis notwendig.<br \/>Zum Reservieren einfach einen der verf\u00fcgbaren Termine ausw\u00e4hlen. Nach erfolgreicher Buchung erhalten Sie eine Buchungsbest\u00e4tigung.\u00a0Nur mit einem Termin erhalten Sie Eintritt in die Installation. Buchungen k\u00f6nnen immer bis zu Beginn der Vorstellung gebucht werden.<\/p>\n<p style=\"text-align: left;\"><!-- Bezahlen k\u00f6nnen Sie Ihre Eintrittskarte an der Abendkasse des Spielorts (5\u20ac\/3\u20ac erm.) Mit einer\u00a0Eintrittskarte k\u00f6nnen Sie f\u00fcr\u00a0sich beliebig viele Termine in der Installation buchen. -->Bitte melden\u00a0Sie sich sp\u00e4testen 15 Minuten vor Beginn ihres Termins\u00a0an der Abendkasse.\u00a0Nicht abgerufene Termine verfallen. Falls Sie einen Termin nicht wahrnehmen k\u00f6nnen, sollten\u00a0Sie ihn \u00fcber das Buchungssystem oder per Mail an <a href=\"mailto:tickets@flinkwiesel.de\">tickets@flinkwiesel.de <\/a>stornieren.<!-- <strong>Barrierefreier Zugang: <\/strong>Die Installation ist mit Rollstuhl\u00a0nur bedingt zug\u00e4nglich.\u00a0Bitte vereinbaren Sie bei Interesse an einer barrierefreien Vorstellung direkt einen Termin \u00fcber tickets@flinkwiesel.de oder telefonisch:\u00a0+49 (0)173 7011801.--><br \/><!--\n\n\n\n\n\n\n\n\n<div class=\"css-events-list\">\n\n\n\n\n\n\n\n\n<h2>Freitag, 18. September<\/h2>\n\n\n\n\n\n\n\n\n\n\n\n\n\n\n\n\n<table class=\"events-table\" cellspacing=\"0\" cellpadding=\"0\">\n\n\n\n\n\n\n\n\n<thead>\n\n\n\n\n\n\n\n\n<tr>\n\n\n\n\n\n\n\n\n<th class=\"event-time\" width=\"150\">Beginn<\/th>\n\n\n\n\n\n\n\n\n\n\n\n\n\n\n\n\n<th class=\"event-description\" width=\"*\">Verf\u00fcgbarkeit<\/th>\n\n\n\n\n\n\n\n\n<\/tr>\n\n\n\n\n\n\n\n\n<\/thead>\n\n\n\n\n\n\n\n\n\n\n\n\n\n\n\n\n<tbody>\n\n\n\n\n\n\n\n\n<tr>\n\n\n\n\n\n\n\n\n<td>22:00 - 24:00<\/td>\n\n\n\n\n\n\n\n\n\n\n\n\n\n\n\n\n<td class=\"free\"><span style=\"color: #e95b9a;\">Er\u00f6ffnungsabend <strong><em>Wunder der Pr\u00e4rie<\/em><\/strong>\u00a0\u2013 Warteliste vor Ort<\/span><\/td>\n\n\n\n\n\n\n\n\n<\/tr>\n\n\n\n\n\n\n\n\n<\/tbody>\n\n\n\n\n\n\n\n\n<\/table>\n\n\n\n\n\n\n\n\n<\/div>\n\n\n\n\n\n\n\n\n--><\/p>\n<hr \/>\n<p style=\"text-align: left;\">You can book your personal appointment for FLINTRIDGE here. Just click on the desired time-slot, enter your\u00a0details and click on\u00a0<em>buchen.<\/em> You will receive a confirmation via email.\u00a0Bookings can be made until the beginning of the the respective timeslot.<\/p>\n<p style=\"text-align: left;\">On the 19th &#8211; 21st of November, FLINTRIDGE will be opened in the hours of <em><a href=\"https:\/\/www.atelierfrankfurt.de\/portfolio_page\/19-21-11-2021-open-studios\/\" target=\"_blank\" rel=\"noopener\">Open Studios<\/a><\/em>\u00a0at ATELIERFRANKFURT. On these dates, a reservation can only be made in person. On the 22nd-25th a valid EU-COVID-Certificate is required.<\/p>\n<p style=\"text-align: left;\">Please appear at the box office 15 Minutes before your timeslot to receive a short introduction. In case you cannot make it to your appointment, please cancel via the website.<\/p>\n\n\n<h2 class=\"wp-block-heading\">Freitag, 19. November<\/h2>\n\n\n\n<p>19-22h im Rahmen der Open Studios (Warteliste vor Ort)<\/p>\n\n\n\n<h2 class=\"wp-block-heading\">Samstag, 20. November<\/h2>\n\n\n\n<p>14-19h im Rahmen der Open Studios (Warteliste vor Ort)<\/p>\n\n\n\n<h2 class=\"wp-block-heading\">Sonntag, 21. November<\/h2>\n\n\n\n<p>14-19h im Rahmen der Open Studios (Warteliste vor Ort)<\/p>\n\n\n\n<div class=\"em em-view-container\" id=\"em-view-2038989501\" data-view=\"list-grouped\">\r\n\t<div class=\"em pixelbones em-list em-events-list em-events-list-grouped\" id=\"em-events-list-grouped-2038989501\">\r\n\t<h2>Montag, 16. Mai<\/h2><table cellpadding=\"0\" cellspacing=\"0\" class=\"events-table\" >\r\n    <thead>\r\n        <tr>\r\n\t\t\t<th class=\"event-time\" width=\"150\">Beginn<\/th>\r\n\t\t\t<th class=\"event-description\" width=\"*\">Verf\u00fcgbarkeit<\/th>\r\n\t\t<\/tr>\r\n   \t<\/thead>\r\n    <tbody><tr>\r\n\t\t\t<td>\r\n                17:00\r\n            <\/td>\r\n              <td class=\"free\">\r\n          <a href=\"https:\/\/flinkwiesel.de\/tickets\/event-recurring\/zakopane-4\/\" title=\"jetzt buchen\" target=\"_self\">buchen<\/a>\r\n      \r\n    \r\n<\/td>\r\n\r\n        \r\n        <\/tr><tr>\r\n\t\t\t<td>\r\n                17:15\r\n            <\/td>\r\n              <td class=\"free\">\r\n          <a href=\"https:\/\/flinkwiesel.de\/tickets\/event-recurring\/zakopane-6\/\" title=\"jetzt buchen\" target=\"_self\">buchen<\/a>\r\n      \r\n    \r\n<\/td>\r\n\r\n        \r\n        <\/tr><tr>\r\n\t\t\t<td>\r\n                17:30\r\n            <\/td>\r\n              <td class=\"free\">\r\n          <a href=\"https:\/\/flinkwiesel.de\/tickets\/event-recurring\/zakopane-5\/\" title=\"jetzt buchen\" target=\"_self\">buchen<\/a>\r\n      \r\n    \r\n<\/td>\r\n\r\n        \r\n        <\/tr><tr>\r\n\t\t\t<td>\r\n                17:45\r\n            <\/td>\r\n              <td class=\"free\">\r\n          <a href=\"https:\/\/flinkwiesel.de\/tickets\/event-recurring\/zakopane-7\/\" title=\"jetzt buchen\" target=\"_self\">buchen<\/a>\r\n      \r\n    \r\n<\/td>\r\n\r\n        \r\n        <\/tr><tr>\r\n\t\t\t<td>\r\n                18:00\r\n            <\/td>\r\n              <td class=\"free\">\r\n          <a href=\"https:\/\/flinkwiesel.de\/tickets\/event-recurring\/zakopane-8\/\" title=\"jetzt buchen\" target=\"_self\">buchen<\/a>\r\n      \r\n    \r\n<\/td>\r\n\r\n        \r\n        <\/tr><tr>\r\n\t\t\t<td>\r\n                18:15\r\n            <\/td>\r\n              <td class=\"free\">\r\n          <a href=\"https:\/\/flinkwiesel.de\/tickets\/event-recurring\/zakopane-9\/\" title=\"jetzt buchen\" target=\"_self\">buchen<\/a>\r\n      \r\n    \r\n<\/td>\r\n\r\n        \r\n        <\/tr><tr>\r\n\t\t\t<td>\r\n                18:30\r\n            <\/td>\r\n              <td class=\"free\">\r\n          <a href=\"https:\/\/flinkwiesel.de\/tickets\/event-recurring\/zakopane-10\/\" title=\"jetzt buchen\" target=\"_self\">buchen<\/a>\r\n      \r\n    \r\n<\/td>\r\n\r\n        \r\n        <\/tr><tr>\r\n\t\t\t<td>\r\n                18:45\r\n            <\/td>\r\n              <td class=\"free\">\r\n          <a href=\"https:\/\/flinkwiesel.de\/tickets\/event-recurring\/zakopane-11\/\" title=\"jetzt buchen\" target=\"_self\">buchen<\/a>\r\n      \r\n    \r\n<\/td>\r\n\r\n        \r\n        <\/tr><tr>\r\n\t\t\t<td>\r\n                19:00\r\n            <\/td>\r\n              <td class=\"free\">\r\n          <a href=\"https:\/\/flinkwiesel.de\/tickets\/event-recurring\/zakopane-12\/\" title=\"jetzt buchen\" target=\"_self\">buchen<\/a>\r\n      \r\n    \r\n<\/td>\r\n\r\n        \r\n        <\/tr><tr>\r\n\t\t\t<td>\r\n                19:15\r\n            <\/td>\r\n             \r\n    <td class=\"no_spaces\">nicht verf\u00fcgbar\r\n<\/td>\r\n\r\n        \r\n        <\/tr><tr>\r\n\t\t\t<td>\r\n                19:30\r\n            <\/td>\r\n              <td class=\"free\">\r\n          <a href=\"https:\/\/flinkwiesel.de\/tickets\/event-recurring\/zakopane-14\/\" title=\"jetzt buchen\" target=\"_self\">buchen<\/a>\r\n      \r\n    \r\n<\/td>\r\n\r\n        \r\n        <\/tr><tr>\r\n\t\t\t<td>\r\n                22:00\r\n            <\/td>\r\n              <td class=\"free\">\r\n          <a href=\"https:\/\/flinkwiesel.de\/tickets\/event-recurring\/zakopane-16\/\" title=\"jetzt buchen\" target=\"_self\">buchen<\/a>\r\n      \r\n    \r\n<\/td>\r\n\r\n        \r\n        <\/tr><tr>\r\n\t\t\t<td>\r\n                22:15\r\n            <\/td>\r\n              <td class=\"free\">\r\n          <a href=\"https:\/\/flinkwiesel.de\/tickets\/event-recurring\/zakopane-17\/\" title=\"jetzt buchen\" target=\"_self\">buchen<\/a>\r\n      \r\n    \r\n<\/td>\r\n\r\n        \r\n        <\/tr><tr>\r\n\t\t\t<td>\r\n                22:30\r\n            <\/td>\r\n              <td class=\"free\">\r\n          <a href=\"https:\/\/flinkwiesel.de\/tickets\/event-recurring\/zakopane-18\/\" title=\"jetzt buchen\" target=\"_self\">buchen<\/a>\r\n      \r\n    \r\n<\/td>\r\n\r\n        \r\n        <\/tr><tr>\r\n\t\t\t<td>\r\n                22:45\r\n            <\/td>\r\n              <td class=\"free\">\r\n          <a href=\"https:\/\/flinkwiesel.de\/tickets\/event-recurring\/zakopane-19\/\" title=\"jetzt buchen\" target=\"_self\">buchen<\/a>\r\n      \r\n    \r\n<\/td>\r\n\r\n        \r\n        <\/tr><tr>\r\n\t\t\t<td>\r\n                23:00\r\n            <\/td>\r\n              <td class=\"free\">\r\n          <a href=\"https:\/\/flinkwiesel.de\/tickets\/event-recurring\/zakopane-20\/\" title=\"jetzt buchen\" target=\"_self\">buchen<\/a>\r\n      \r\n    \r\n<\/td>\r\n\r\n        \r\n        <\/tr><tr>\r\n\t\t\t<td>\r\n                23:15\r\n            <\/td>\r\n              <td class=\"free\">\r\n          <a href=\"https:\/\/flinkwiesel.de\/tickets\/event-recurring\/zakopane-21\/\" title=\"jetzt buchen\" target=\"_self\">buchen<\/a>\r\n      \r\n    \r\n<\/td>\r\n\r\n        \r\n        <\/tr><tr>\r\n\t\t\t<td>\r\n                23:30\r\n            <\/td>\r\n              <td class=\"free\">\r\n          <a href=\"https:\/\/flinkwiesel.de\/tickets\/event-recurring\/zakopane-22\/\" title=\"jetzt buchen\" target=\"_self\">buchen<\/a>\r\n      \r\n    \r\n<\/td>\r\n\r\n        \r\n        <\/tr><tr>\r\n\t\t\t<td>\r\n                23:45\r\n            <\/td>\r\n              <td class=\"free\">\r\n          <a href=\"https:\/\/flinkwiesel.de\/tickets\/event-recurring\/zakopane-23\/\" title=\"jetzt buchen\" target=\"_self\">buchen<\/a>\r\n      \r\n    \r\n<\/td>\r\n\r\n        \r\n        <\/tr><\/tbody><\/table><h2>Montag, 22. November<\/h2><table cellpadding=\"0\" cellspacing=\"0\" class=\"events-table\" >\r\n    <thead>\r\n        <tr>\r\n\t\t\t<th class=\"event-time\" width=\"150\">Beginn<\/th>\r\n\t\t\t<th class=\"event-description\" width=\"*\">Verf\u00fcgbarkeit<\/th>\r\n\t\t<\/tr>\r\n   \t<\/thead>\r\n    <tbody><tr>\r\n\t\t\t<td>\r\n                13:00\r\n            <\/td>\r\n             \r\n    <td class=\"no_spaces\">nicht verf\u00fcgbar\r\n<\/td>\r\n\r\n        \r\n        <\/tr><tr>\r\n\t\t\t<td>\r\n                13:45\r\n            <\/td>\r\n             \r\n    <td class=\"no_spaces\">nicht verf\u00fcgbar\r\n<\/td>\r\n\r\n        \r\n        <\/tr><tr>\r\n\t\t\t<td>\r\n                14:30\r\n            <\/td>\r\n             \r\n    <td class=\"no_spaces\">nicht verf\u00fcgbar\r\n<\/td>\r\n\r\n        \r\n        <\/tr><tr>\r\n\t\t\t<td>\r\n                15:15\r\n            <\/td>\r\n             \r\n    <td class=\"no_spaces\">nicht verf\u00fcgbar\r\n<\/td>\r\n\r\n        \r\n        <\/tr><tr>\r\n\t\t\t<td>\r\n                16:00\r\n            <\/td>\r\n             \r\n    \r\n<\/td>\r\n\r\n        \r\n        <\/tr><tr>\r\n\t\t\t<td>\r\n                16:45\r\n            <\/td>\r\n             \r\n    <td class=\"no_spaces\">nicht verf\u00fcgbar\r\n<\/td>\r\n\r\n        \r\n        <\/tr><tr>\r\n\t\t\t<td>\r\n                17:30\r\n            <\/td>\r\n             \r\n    <td class=\"no_spaces\">nicht verf\u00fcgbar\r\n<\/td>\r\n\r\n        \r\n        <\/tr><tr>\r\n\t\t\t<td>\r\n                18:15\r\n            <\/td>\r\n             \r\n    <td class=\"no_spaces\">nicht verf\u00fcgbar\r\n<\/td>\r\n\r\n        \r\n        <\/tr><tr>\r\n\t\t\t<td>\r\n                19:00\r\n            <\/td>\r\n             \r\n    <td class=\"no_spaces\">nicht verf\u00fcgbar\r\n<\/td>\r\n\r\n        \r\n        <\/tr><tr>\r\n\t\t\t<td>\r\n                19:45\r\n            <\/td>\r\n             \r\n    <td class=\"no_spaces\">nicht verf\u00fcgbar\r\n<\/td>\r\n\r\n        \r\n        <\/tr><tr>\r\n\t\t\t<td>\r\n                20:30\r\n            <\/td>\r\n             \r\n    <td class=\"no_spaces\">nicht verf\u00fcgbar\r\n<\/td>\r\n\r\n        \r\n        <\/tr><tr>\r\n\t\t\t<td>\r\n                21:15\r\n            <\/td>\r\n             \r\n    <td class=\"no_spaces\">nicht verf\u00fcgbar\r\n<\/td>\r\n\r\n        \r\n        <\/tr><\/tbody><\/table><h2>Dienstag, 23. November<\/h2><table cellpadding=\"0\" cellspacing=\"0\" class=\"events-table\" >\r\n    <thead>\r\n        <tr>\r\n\t\t\t<th class=\"event-time\" width=\"150\">Beginn<\/th>\r\n\t\t\t<th class=\"event-description\" width=\"*\">Verf\u00fcgbarkeit<\/th>\r\n\t\t<\/tr>\r\n   \t<\/thead>\r\n    <tbody><tr>\r\n\t\t\t<td>\r\n                13:00\r\n            <\/td>\r\n             \r\n    <td class=\"no_spaces\">nicht verf\u00fcgbar\r\n<\/td>\r\n\r\n        \r\n        <\/tr><tr>\r\n\t\t\t<td>\r\n                13:45\r\n            <\/td>\r\n             \r\n    <td class=\"no_spaces\">nicht verf\u00fcgbar\r\n<\/td>\r\n\r\n        \r\n        <\/tr><tr>\r\n\t\t\t<td>\r\n                14:30\r\n            <\/td>\r\n             \r\n    <td class=\"no_spaces\">nicht verf\u00fcgbar\r\n<\/td>\r\n\r\n        \r\n        <\/tr><tr>\r\n\t\t\t<td>\r\n                15:15\r\n            <\/td>\r\n             \r\n    <td class=\"no_spaces\">nicht verf\u00fcgbar\r\n<\/td>\r\n\r\n        \r\n        <\/tr><tr>\r\n\t\t\t<td>\r\n                16:00\r\n            <\/td>\r\n             \r\n    \r\n<\/td>\r\n\r\n        \r\n        <\/tr><tr>\r\n\t\t\t<td>\r\n                16:45\r\n            <\/td>\r\n             \r\n    <td class=\"no_spaces\">nicht verf\u00fcgbar\r\n<\/td>\r\n\r\n        \r\n        <\/tr><tr>\r\n\t\t\t<td>\r\n                17:30\r\n            <\/td>\r\n             \r\n    <td class=\"no_spaces\">nicht verf\u00fcgbar\r\n<\/td>\r\n\r\n        \r\n        <\/tr><tr>\r\n\t\t\t<td>\r\n                18:15\r\n            <\/td>\r\n              <td class=\"free\">\r\n          <a href=\"https:\/\/flinkwiesel.de\/tickets\/events\/flintridge-20\/\" title=\"jetzt buchen\" target=\"_self\">buchen<\/a>\r\n      \r\n    \r\n<\/td>\r\n\r\n        \r\n        <\/tr><tr>\r\n\t\t\t<td>\r\n                19:00\r\n            <\/td>\r\n             \r\n    <td class=\"no_spaces\">nicht verf\u00fcgbar\r\n<\/td>\r\n\r\n        \r\n        <\/tr><tr>\r\n\t\t\t<td>\r\n                19:45\r\n            <\/td>\r\n             \r\n    <td class=\"no_spaces\">nicht verf\u00fcgbar\r\n<\/td>\r\n\r\n        \r\n        <\/tr><tr>\r\n\t\t\t<td>\r\n                20:30\r\n            <\/td>\r\n             \r\n    <td class=\"no_spaces\">nicht verf\u00fcgbar\r\n<\/td>\r\n\r\n        \r\n        <\/tr><tr>\r\n\t\t\t<td>\r\n                21:15\r\n            <\/td>\r\n             \r\n    <td class=\"no_spaces\">nicht verf\u00fcgbar\r\n<\/td>\r\n\r\n        \r\n        <\/tr><\/tbody><\/table><h2>Mittwoch, 24. November<\/h2><table cellpadding=\"0\" cellspacing=\"0\" class=\"events-table\" >\r\n    <thead>\r\n        <tr>\r\n\t\t\t<th class=\"event-time\" width=\"150\">Beginn<\/th>\r\n\t\t\t<th class=\"event-description\" width=\"*\">Verf\u00fcgbarkeit<\/th>\r\n\t\t<\/tr>\r\n   \t<\/thead>\r\n    <tbody><tr>\r\n\t\t\t<td>\r\n                13:00\r\n            <\/td>\r\n             \r\n    <td class=\"no_spaces\">nicht verf\u00fcgbar\r\n<\/td>\r\n\r\n        \r\n        <\/tr><tr>\r\n\t\t\t<td>\r\n                13:45\r\n            <\/td>\r\n              <td class=\"free\">\r\n          <a href=\"https:\/\/flinkwiesel.de\/tickets\/events\/flintridge-26\/\" title=\"jetzt buchen\" target=\"_self\">buchen<\/a>\r\n      \r\n    \r\n<\/td>\r\n\r\n        \r\n        <\/tr><tr>\r\n\t\t\t<td>\r\n                14:30\r\n            <\/td>\r\n             \r\n    <td class=\"no_spaces\">nicht verf\u00fcgbar\r\n<\/td>\r\n\r\n        \r\n        <\/tr><tr>\r\n\t\t\t<td>\r\n                15:15\r\n            <\/td>\r\n             \r\n    <td class=\"no_spaces\">nicht verf\u00fcgbar\r\n<\/td>\r\n\r\n        \r\n        <\/tr><tr>\r\n\t\t\t<td>\r\n                16:00\r\n            <\/td>\r\n             \r\n    \r\n<\/td>\r\n\r\n        \r\n        <\/tr><tr>\r\n\t\t\t<td>\r\n                16:45\r\n            <\/td>\r\n             \r\n    <td class=\"no_spaces\">nicht verf\u00fcgbar\r\n<\/td>\r\n\r\n        \r\n        <\/tr><tr>\r\n\t\t\t<td>\r\n                17:30\r\n            <\/td>\r\n             \r\n    <td class=\"no_spaces\">nicht verf\u00fcgbar\r\n<\/td>\r\n\r\n        \r\n        <\/tr><tr>\r\n\t\t\t<td>\r\n                18:15\r\n            <\/td>\r\n             \r\n    <td class=\"no_spaces\">nicht verf\u00fcgbar\r\n<\/td>\r\n\r\n        \r\n        <\/tr><tr>\r\n\t\t\t<td>\r\n                19:00\r\n            <\/td>\r\n             \r\n    <td class=\"no_spaces\">nicht verf\u00fcgbar\r\n<\/td>\r\n\r\n        \r\n        <\/tr><tr>\r\n\t\t\t<td>\r\n                19:45\r\n            <\/td>\r\n             \r\n    <td class=\"no_spaces\">nicht verf\u00fcgbar\r\n<\/td>\r\n\r\n        \r\n        <\/tr><tr>\r\n\t\t\t<td>\r\n                20:30\r\n            <\/td>\r\n             \r\n    <td class=\"no_spaces\">nicht verf\u00fcgbar\r\n<\/td>\r\n\r\n        \r\n        <\/tr><tr>\r\n\t\t\t<td>\r\n                21:15\r\n            <\/td>\r\n             \r\n    <td class=\"no_spaces\">nicht verf\u00fcgbar\r\n<\/td>\r\n\r\n        \r\n        <\/tr><\/tbody><\/table><h2>Donnerstag, 25. November<\/h2><table cellpadding=\"0\" cellspacing=\"0\" class=\"events-table\" >\r\n    <thead>\r\n        <tr>\r\n\t\t\t<th class=\"event-time\" width=\"150\">Beginn<\/th>\r\n\t\t\t<th class=\"event-description\" width=\"*\">Verf\u00fcgbarkeit<\/th>\r\n\t\t<\/tr>\r\n   \t<\/thead>\r\n    <tbody><tr>\r\n\t\t\t<td>\r\n                13:00\r\n            <\/td>\r\n             \r\n    <td class=\"no_spaces\">nicht verf\u00fcgbar\r\n<\/td>\r\n\r\n        \r\n        <\/tr><tr>\r\n\t\t\t<td>\r\n                13:45\r\n            <\/td>\r\n             \r\n    <td class=\"no_spaces\">nicht verf\u00fcgbar\r\n<\/td>\r\n\r\n        \r\n        <\/tr><tr>\r\n\t\t\t<td>\r\n                14:30\r\n            <\/td>\r\n             \r\n    <td class=\"no_spaces\">nicht verf\u00fcgbar\r\n<\/td>\r\n\r\n        \r\n        <\/tr><tr>\r\n\t\t\t<td>\r\n                15:15\r\n            <\/td>\r\n             \r\n    <td class=\"no_spaces\">nicht verf\u00fcgbar\r\n<\/td>\r\n\r\n        \r\n        <\/tr><tr>\r\n\t\t\t<td>\r\n                16:00\r\n            <\/td>\r\n             \r\n    \r\n<\/td>\r\n\r\n        \r\n        <\/tr><tr>\r\n\t\t\t<td>\r\n                16:45\r\n            <\/td>\r\n             \r\n    <td class=\"no_spaces\">nicht verf\u00fcgbar\r\n<\/td>\r\n\r\n        \r\n        <\/tr><tr>\r\n\t\t\t<td>\r\n                17:30\r\n            <\/td>\r\n             \r\n    <td class=\"no_spaces\">nicht verf\u00fcgbar\r\n<\/td>\r\n\r\n        \r\n        <\/tr><tr>\r\n\t\t\t<td>\r\n                18:15\r\n            <\/td>\r\n             \r\n    <td class=\"no_spaces\">nicht verf\u00fcgbar\r\n<\/td>\r\n\r\n        \r\n        <\/tr><tr>\r\n\t\t\t<td>\r\n                19:00\r\n            <\/td>\r\n             \r\n    <td class=\"no_spaces\">nicht verf\u00fcgbar\r\n<\/td>\r\n\r\n        \r\n        <\/tr><tr>\r\n\t\t\t<td>\r\n                19:45\r\n            <\/td>\r\n             \r\n    <td class=\"no_spaces\">nicht verf\u00fcgbar\r\n<\/td>\r\n\r\n        \r\n        <\/tr><tr>\r\n\t\t\t<td>\r\n                20:30\r\n            <\/td>\r\n             \r\n    <td class=\"no_spaces\">nicht verf\u00fcgbar\r\n<\/td>\r\n\r\n        \r\n        <\/tr><tr>\r\n\t\t\t<td>\r\n                21:15\r\n            <\/td>\r\n              <td class=\"free\">\r\n          <a href=\"https:\/\/flinkwiesel.de\/tickets\/events\/flintridge-48\/\" title=\"jetzt buchen\" target=\"_self\">buchen<\/a>\r\n      \r\n    \r\n<\/td>\r\n\r\n        \r\n        <\/tr><\/tbody><\/table>\t<\/div>\r\n<\/div>\n<p><a href=\"http:\/\/flinkwiesel.de\/tickets\/datenschutzerklaerung\/\">Datenschutzerkl\u00e4rung<\/a><\/p>\n","protected":false},"excerpt":{"rendered":"<p>Pers\u00f6nliche Einzeltermine f\u00fcr FLINTRIDGE k\u00f6nnen hier ab dem 1. November reserviert werden. ALLE VORSTELLUNG FINDEN IM ATELIER FRANKFURT &#8211; SCHWEDLERSTRA\u00dfE 1-5 STATT Am 19.-21.11 ist die Installation im Rahmen der Open Studios\u00a0des ATELIERFRANKFURT ge\u00f6ffnet.Eine Reservierung an diesen Tagen ist nur vor Ort m\u00f6glich. F\u00fcr die Vorstellungen vom 22.-25. November ist ein g\u00fcltiger 2G Nachweis notwendig.Zum [&hellip;]<\/p>\n","protected":false},"author":1,"featured_media":0,"parent":0,"menu_order":0,"comment_status":"closed","ping_status":"closed","template":"","meta":{"footnotes":""},"class_list":["post-81","page","type-page","status-publish","hentry"],"_links":{"self":[{"href":"https:\/\/flinkwiesel.de\/tickets\/wp-json\/wp\/v2\/pages\/81","targetHints":{"allow":["GET"]}}],"collection":[{"href":"https:\/\/flinkwiesel.de\/tickets\/wp-json\/wp\/v2\/pages"}],"about":[{"href":"https:\/\/flinkwiesel.de\/tickets\/wp-json\/wp\/v2\/types\/page"}],"author":[{"embeddable":true,"href":"https:\/\/flinkwiesel.de\/tickets\/wp-json\/wp\/v2\/users\/1"}],"replies":[{"embeddable":true,"href":"https:\/\/flinkwiesel.de\/tickets\/wp-json\/wp\/v2\/comments?post=81"}],"version-history":[{"count":71,"href":"https:\/\/flinkwiesel.de\/tickets\/wp-json\/wp\/v2\/pages\/81\/revisions"}],"predecessor-version":[{"id":719,"href":"https:\/\/flinkwiesel.de\/tickets\/wp-json\/wp\/v2\/pages\/81\/revisions\/719"}],"wp:attachment":[{"href":"https:\/\/flinkwiesel.de\/tickets\/wp-json\/wp\/v2\/media?parent=81"}],"curies":[{"name":"wp","href":"https:\/\/api.w.org\/{rel}","templated":true}]}}