{"id":2,"date":"2016-03-08T21:16:47","date_gmt":"2016-03-08T20:16:47","guid":{"rendered":"http:\/\/flinkwiesel.de\/works\/?page_id=2"},"modified":"2025-11-16T22:00:59","modified_gmt":"2025-11-16T21:00:59","slug":"ueber","status":"publish","type":"page","link":"https:\/\/flinkwiesel.de\/en\/ueber\/","title":{"rendered":"about F. Wiesel"},"content":{"rendered":"<p>Under the label F. Wiesel, Hanke Wilsmann and Jost von Harle\u00dfem create works with recurring collaborators. Both studied Applied Theatre Studies at the Justus Liebig University in Gie\u00dfen and have been developing theatre productions and installations in the Frankfurt am Main area since 2011. \u2028<span class=\"Apple-converted-space\">\u00a0<\/span><\/p>\n<p>F. Wiesel investigates the interaction of puppet theatre with technical components of the theatre apparatus. Combining players, figures, robotics and live film, they create idiosyncratic worlds with a passion for details and miniatures. Their performances examine social orders and hypotheses in science-fiction scenarios. In the interplay of found and made-up narratives, F. Wiesel creates atmospherically dense visual worlds, constructs simulations of human action and persistently explores social orders and assumptions in science fiction scenarios: a space travel narrative in the style of early silent and genre films (<a href=\"http:\/\/flinkwiesel.de\/en\/clarenville\/\">Clarenville<\/a>\u00a02011), man's attempts to contact an alien planet in Stanislaw Lem's <i>Solaris<\/i>\u00a0(<a href=\"http:\/\/flinkwiesel.de\/en\/zakopane\/\">Zakopane<\/a>\u00a02015), a fantastic story on the end of architecture (<a href=\"http:\/\/flinkwiesel.de\/en\/superquadra\/\">Superquadra<\/a>\u00a02017) and a dive to the bottom of the Bermuda Triangle (<a href=\"http:\/\/flinkwiesel.de\/en\/bermuda\/\">Bermuda<\/a>\u00a02019). 2021 F. Wiesel look into a post-anthropocene Wild West world, populated by androids (<a href=\"http:\/\/flinkwiesel.de\/en\/restworld\/\">Restworld<\/a> 2021) und schaffen eine VR-Theatermaschinerie, die nach Max Frisch nach einer m\u00f6glichen Zukunft fragt (<a href=\"http:\/\/flinkwiesel.de\/en\/flintridge\/\">Flintridge \/ Man appears in the holodeck<\/a> 2021<i>). <\/i>Auf der Suche nach den Urspr\u00fcngen der Science-Fiction adaptierten sie 2023 <a href=\"http:\/\/flinkwiesel.de\/en\/die-gleissende-welt\/\">Die Gleissende Welt<\/a> der britischen Autorin Margaret Cavendish aus dem Jahr 1666. Immer fest eingebunden in ihre Arbeiten sind Spielwelten des Digitalen und damit die Potentiale von Computerspielen und virtuellen Erz\u00e4hlr\u00e4umen f\u00fcr das Theater (<a href=\"http:\/\/flinkwiesel.de\/en\/echtzeitalter\/\">Echtzeitalter<\/a>\u00a02024). Ihre Besch\u00e4ftigung mit umfangreichen Texten, die die Grenzen des Bekannten lustvoll erweitern bleiben F. Wiesel auf der Suche nach eigenwilligen Stoffen und Quellen. (<a href=\"http:\/\/flinkwiesel.de\/en\/immer-nach-hause\/\">Immer nach Hause<\/a> 2025).\u00a0Im Zusammenspiel aus ge- und erfundenen Narrativen l\u00e4sst F. Wiesel atmosph\u00e4risch dichte Bildwelten entstehen, konstruiert Simulationen menschlichen Handelns und st\u00f6\u00dft beharrlich an die R\u00e4nder des bereits Gedachten.\u00a0<\/p>\n<p>F. Wiesel showed and produced work as part of the <a href=\"http:\/\/treibstoffbasel.ch\" target=\"_blank\" rel=\"noopener noreferrer\">Treibstoff Theatertage Basel<\/a> (Kaserne Basel), the <a href=\"https:\/\/www.staatsschauspiel-dresden.de\/spielplan\/a-z\/fast-forward\/\">Fast Forward Festival<\/a> (Staatsschauspiel Dresden), the festival <a href=\"http:\/\/wunderderpraerie.de\" target=\"_blank\" rel=\"noopener noreferrer\">Wunder der Pr\u00e4rie<\/a><em>\u00a0<\/em>(Zeitraumexit e.V. Mannheim), the <a href=\"https:\/\/www.fidena.de\/portal\/fritz-wortelmann-preis-2021\/mn_60\">Fritz Wortelmann Preis <\/a>(FIDENA, Bochum), the festival <a href=\"https:\/\/www.staatstheater-darmstadt.de\/veranstaltungen\/bauwhat-kammerspektakel-bauhaus-open-air.580\/?spielzeit=2018-2019\">Bauwhat?<\/a> (Staatstheater Darmstadt), at <a href=\"https:\/\/theater-roxy.ch\">Theater Roxy Birsfelden, <\/a>the <a href=\"https:\/\/www.mousonturm.de\/search\/bermuda\">K\u00fcnstlerhaus Mousonturm Frankfurt<\/a>\u00a0and the <a href=\"https:\/\/www.theaterheidelberg.de\">Theater und Orchester Heidelberg<\/a>. 2017 <i>Superquadra<\/i> was shortlisted for the St\u00fcckemarkt of the Berlin Theatertreffen and their work was awarded the <a href=\"https:\/\/www.juergen-ponto-stiftung.de\" target=\"_blank\" rel=\"noopener noreferrer\">Ponto Performance Preis<\/a> \u00a0of the J\u00fcrgen Ponto Foundation. Since 2020\/21, the duo is continuously supported by the two-year funding of the <a href=\"https:\/\/kultur-frankfurt.de\"> Kulturamt der Stadt Frankfurt am Main <\/a>.\u00a0<\/p>\n<p>Von 2023\u20132026 forschten sie am <a href=\"https:\/\/schauspielhaus-graz.buehnen-graz.com\">Schauspielhaus Graz<\/a> in der Spielst\u00e4tte <a href=\"http:\/\/flinkwiesel.de\/en\/konsole-schauspielhaus-graz\/\">Konsole<\/a> zu digitalen und virtuellen Theaterformen und kuratieren das <a href=\"http:\/\/digithalia.at\" target=\"_blank\" rel=\"noopener\">Digithalia &#8211; Festival f\u00fcr virtuelle Theaterformen Graz.<\/a><\/p>\n<p><b><i>Jost von Harle\u00dfem<\/i><\/b><b><i>\u00a0<\/i><\/b>*1987. Von 2008-2009 Studium der Kunstgeschichte und Theaterwissenschaft an der Universit\u00e4t Erlangen-N\u00fcrnberg, 2009-2018 BA\/MA Angewandte Theaterwissenschaft an der JLU Gie\u00dfen. Neben seinen eigenst\u00e4ndigen Arbeiten ist er als Gestalter f\u00fcr Licht-, Video- und B\u00fchnenkonzeptionen bei verschiedenen Produktionen verantwortlich. Er konzipierte B\u00fchnenbilder f\u00fcr Theaterabende am Stadttheater Gie\u00dfen, Theater Oberhausen, Theater- und Orchester Heidelberg sowie am Schauspielhaus Wien, dem Schauspielhaus Graz und dem Mousonturm Frankfurt. Eine kontinuierliche Zusammenarbeit verbindet ihn seit 2013 mit dem Performance-Kollektiv FUX.\u00a0<\/p>\n<p><b><i>Hanke Wilsmann<\/i><\/b><b><i>\u00a0<\/i><\/b><i>*1987.<\/i><b><i> <\/i><\/b>Sie studierte Angewandte Theaterwissenschaft an der JLU Giessen. Neben ihrer k\u00fcnstlerischen Arbeit betreute sie ab 2014 im internationalen Touring Team die Arbeit Situation Rooms der Performancegruppe Rimini Protokoll und f\u00fchrte von 2018 bis 2023 in einer Doppelspitze die Projektleitung des Frankfurt LAB; einem Produktions- und Auff\u00fchrungsort f\u00fcr zeitgen\u00f6ssische Darstellende Kunst in Frankfurt am Main. Seit Mai 2025 ist sie Teil des neuen Projektkoordinations- und Produktionsleitungsteams von <em>Vision 31<\/em> in dessen Rahmen die Aktivierung hin zur kulturellen Zwischennutzung der ehemaligen Kunstbibliothek auf dem Kulturcampus-Areal in Frankfurt Bockenheim strukturell aufgebaut wird.\u00a0<\/p>\n<p>Contact: <a href=\"mailto:info@flinkwiesel.de\">info@flinkwiesel.de<\/a><br \/><a href=\"http:\/\/flinkwiesel.de\/en\/newsletter\/\">Impressum<\/a><\/p>\n<p>Photo: \u00a9 Klaus Weddig<\/p>\n\n\n<p><\/p>","protected":false},"excerpt":{"rendered":"<p>Unter dem Label F. Wiesel arbeiten Hanke Wilsmann und Jost von Harle\u00dfem mit wiederkehrenden Kollaborateur*innen. Beide&hellip;<\/p>","protected":false},"author":124,"featured_media":1386,"parent":0,"menu_order":0,"comment_status":"closed","ping_status":"closed","template":"","meta":{"footnotes":""},"class_list":["post-2","page","type-page","status-publish","has-post-thumbnail","hentry"],"_links":{"self":[{"href":"https:\/\/flinkwiesel.de\/en\/wp-json\/wp\/v2\/pages\/2","targetHints":{"allow":["GET"]}}],"collection":[{"href":"https:\/\/flinkwiesel.de\/en\/wp-json\/wp\/v2\/pages"}],"about":[{"href":"https:\/\/flinkwiesel.de\/en\/wp-json\/wp\/v2\/types\/page"}],"author":[{"embeddable":true,"href":"https:\/\/flinkwiesel.de\/en\/wp-json\/wp\/v2\/users\/124"}],"replies":[{"embeddable":true,"href":"https:\/\/flinkwiesel.de\/en\/wp-json\/wp\/v2\/comments?post=2"}],"version-history":[{"count":45,"href":"https:\/\/flinkwiesel.de\/en\/wp-json\/wp\/v2\/pages\/2\/revisions"}],"predecessor-version":[{"id":1391,"href":"https:\/\/flinkwiesel.de\/en\/wp-json\/wp\/v2\/pages\/2\/revisions\/1391"}],"wp:featuredmedia":[{"embeddable":true,"href":"https:\/\/flinkwiesel.de\/en\/wp-json\/wp\/v2\/media\/1386"}],"wp:attachment":[{"href":"https:\/\/flinkwiesel.de\/en\/wp-json\/wp\/v2\/media?parent=2"}],"curies":[{"name":"wp","href":"https:\/\/api.w.org\/{rel}","templated":true}]}}