{"id":1514,"date":"2025-02-06T00:57:00","date_gmt":"2025-02-05T23:57:00","guid":{"rendered":"https:\/\/flinkwiesel.de\/?page_id=1514"},"modified":"2026-05-15T01:12:15","modified_gmt":"2026-05-14T23:12:15","slug":"maschinengespraeche","status":"publish","type":"page","link":"https:\/\/flinkwiesel.de\/en\/maschinengespraeche\/","title":{"rendered":"Maschinengespr\u00e4che"},"content":{"rendered":"<h3 class=\"wp-block-heading\">Oder: Ich liebe es, wenn Siri meinen Namen sagt.<\/h3>\n\n\n\n<div class=\"ewa-rteLine\">\n<h6 class=\"wp-block-heading\">Ein live generierter Theaterabend f\u00fcr acht Chatbots, acht Schauspieler*innen und einen Avatar von Kristina Malyseva, Marcus Lobbes und F. Wiesel<\/h6>\n\u00bbMaschinengespr\u00e4che\u00ab untersucht die M\u00f6glichkeiten und Unm\u00f6glichkeiten digitaler Agent:innen \u2013 Codes, denen wir mehr und mehr unsere pers\u00f6nlichen Informationen anvertrauen. Algorithmen, die unsere Warenh\u00e4user bef\u00fcllen und die Systeme warten. Chatbots, die unaufhaltsam f\u00fcr Zusprache und Servicetelefonate verf\u00fcgbar sind \u2013 Ein Theaterst\u00fcck \u00fcber die Geschichten, die wir unseren Maschinen erz\u00e4hlen und \u00fcber die Abgr\u00fcnde, in die wir gegangen sind, um sie zu erschaffen.<\/div>\n<div>\u00a0<\/div>\n<div class=\"ewa-rteLine\">Alle Texte werden in Kooperation mit Maschinen generiert. Zusammen mit Chatbots, Netzwerken und Large Language Models programmiert Kristina Malyseva einen Text, der sich aus einer scheinbar unendlichen Masse an hinterlegten Texten der Menschheitsgeschichte speist \u2013 ein Theatertext, der sich selbst st\u00e4ndig neu auswertet, der reagiert und der die Frage verhandelt, inwiefern Schauspiel und Technologie ineinandergreifen k\u00f6nnen.<\/div>\n<div class=\"ewa-rteLine\">\u00a0<\/div>\n<div class=\"ewa-rteLine\">Regisseur Marcus Lobbes entwickelt gemeinsam mit Kristina Malyseva, F. Wiesel und Schauspielstudierenden des 3. Jahrgangs der Kunstuniversit\u00e4t Graz einen Abend \u00fcber das Suchen nach analogen wie synthetischen Identit\u00e4ten, \u00fcber die Heimat der Avatare, den Geist in der Maschine, eine heilige kalifornische Serverfarm, eine Gemeinschaft von Hacker:innen, gel\u00f6schte Accounts, die Auferstehung der Toten und das ewige Leben.<\/div>\n<div>\u00a0<\/div>\n\n\n\n<div class=\"ewa-rteLine\"><strong>von <\/strong>Kristina Malyseva, Marcus Lobbes, F. Wiesel und k\u00fcnstlichen Intelligenzen<strong><br \/>Regie<\/strong> Marcus Lobbes<\/div>\n<div class=\"ewa-rteLine\"><strong>Technische Gestaltung<\/strong> F. Wiesel<\/div>\n<div class=\"ewa-rteLine\"><strong>Mit<\/strong> Stine Kreutzmann, Louie Kr\u00fcger, Lasse K\u00fchlcke, Greta Plenkers, Sanna Schmid, Amelie Steinwei\u00df, Luca Storn, Anne Sophie Vogel<\/div>\n<div class=\"ewa-rteLine\"><strong>Costumes<\/strong> Philipp Glanzner<\/div>\n<div class=\"ewa-rteLine\"><strong>Dramaturgy<\/strong> Male G\u00fcnther<\/div>\n<div class=\"ewa-rteLine\"><strong>IT &amp; Software<\/strong> Benedikt Mildenberger<br \/>\n<div>\n<div><strong>Avatare und Motion Capture:<\/strong> Florian Gamillscheg<br \/><strong>Fotos:<\/strong> Lex Karelly<\/div>\n<\/div>\n<\/div>\n\n\n\n<p>Eine Produktion des Schauspielhaus Graz \/ Konsole in Kooperation mit der Kunstuniversit\u00e4t Graz.<\/p>\n\n\n\n<figure class=\"wp-block-gallery has-nested-images columns-5 is-cropped wp-block-gallery-1 is-layout-flex wp-block-gallery-is-layout-flex\">\n<figure data-wp-context=\"{&quot;imageId&quot;:&quot;6a071ef34df13&quot;}\" data-wp-interactive=\"core\/image\" class=\"wp-block-image size-large wp-lightbox-container\"><img decoding=\"async\" width=\"1024\" height=\"682\" data-wp-class--hide=\"state.isContentHidden\" data-wp-class--show=\"state.isContentVisible\" data-wp-init=\"callbacks.setButtonStyles\" data-wp-on-async--click=\"actions.showLightbox\" data-wp-on-async--load=\"callbacks.setButtonStyles\" data-wp-on-async-window--resize=\"callbacks.setButtonStyles\" data-id=\"1521\" src=\"https:\/\/flinkwiesel.de\/wp-content\/uploads\/sites\/4\/2026\/05\/Maschinengespraeche_Sanna-Schmid_Luca-Storn_062_c_Lex-Karelly-1024x682.jpg\" alt=\"\" class=\"wp-image-1521\" srcset=\"https:\/\/flinkwiesel.de\/wp-content\/uploads\/sites\/4\/2026\/05\/Maschinengespraeche_Sanna-Schmid_Luca-Storn_062_c_Lex-Karelly-1024x682.jpg 1024w, https:\/\/flinkwiesel.de\/wp-content\/uploads\/sites\/4\/2026\/05\/Maschinengespraeche_Sanna-Schmid_Luca-Storn_062_c_Lex-Karelly-768x512.jpg 768w, https:\/\/flinkwiesel.de\/wp-content\/uploads\/sites\/4\/2026\/05\/Maschinengespraeche_Sanna-Schmid_Luca-Storn_062_c_Lex-Karelly-1536x1024.jpg 1536w, https:\/\/flinkwiesel.de\/wp-content\/uploads\/sites\/4\/2026\/05\/Maschinengespraeche_Sanna-Schmid_Luca-Storn_062_c_Lex-Karelly-18x12.jpg 18w, https:\/\/flinkwiesel.de\/wp-content\/uploads\/sites\/4\/2026\/05\/Maschinengespraeche_Sanna-Schmid_Luca-Storn_062_c_Lex-Karelly.jpg 2000w\" sizes=\"(max-width: 1024px) 100vw, 1024px\" \/><button\n\t\t\tclass=\"lightbox-trigger\"\n\t\t\ttype=\"button\"\n\t\t\taria-haspopup=\"dialog\"\n\t\t\taria-label=\"Enlarge\"\n\t\t\tdata-wp-init=\"callbacks.initTriggerButton\"\n\t\t\tdata-wp-on-async--click=\"actions.showLightbox\"\n\t\t\tdata-wp-style--right=\"state.imageButtonRight\"\n\t\t\tdata-wp-style--top=\"state.imageButtonTop\"\n\t\t>\n\t\t\t<svg xmlns=\"http:\/\/www.w3.org\/2000\/svg\" width=\"12\" height=\"12\" fill=\"none\" viewbox=\"0 0 12 12\">\n\t\t\t\t<path fill=\"#fff\" d=\"M2 0a2 2 0 0 0-2 2v2h1.5V2a.5.5 0 0 1 .5-.5h2V0H2Zm2 10.5H2a.5.5 0 0 1-.5-.5V8H0v2a2 2 0 0 0 2 2h2v-1.5ZM8 12v-1.5h2a.5.5 0 0 0 .5-.5V8H12v2a2 2 0 0 1-2 2H8Zm2-12a2 2 0 0 1 2 2v2h-1.5V2a.5.5 0 0 0-.5-.5H8V0h2Z\" \/>\n\t\t\t<\/svg>\n\t\t<\/button><\/figure>\n\n\n\n<figure data-wp-context=\"{&quot;imageId&quot;:&quot;6a071ef34f62b&quot;}\" data-wp-interactive=\"core\/image\" class=\"wp-block-image size-large wp-lightbox-container\"><img decoding=\"async\" width=\"1024\" height=\"888\" data-wp-class--hide=\"state.isContentHidden\" data-wp-class--show=\"state.isContentVisible\" data-wp-init=\"callbacks.setButtonStyles\" data-wp-on-async--click=\"actions.showLightbox\" data-wp-on-async--load=\"callbacks.setButtonStyles\" data-wp-on-async-window--resize=\"callbacks.setButtonStyles\" data-id=\"1520\" src=\"https:\/\/flinkwiesel.de\/wp-content\/uploads\/sites\/4\/2026\/05\/Maschinengespraeche_Ensemble_016_c_Lex-Karelly-1024x888.jpg\" alt=\"\" class=\"wp-image-1520\" srcset=\"https:\/\/flinkwiesel.de\/wp-content\/uploads\/sites\/4\/2026\/05\/Maschinengespraeche_Ensemble_016_c_Lex-Karelly-1024x888.jpg 1024w, https:\/\/flinkwiesel.de\/wp-content\/uploads\/sites\/4\/2026\/05\/Maschinengespraeche_Ensemble_016_c_Lex-Karelly-768x666.jpg 768w, https:\/\/flinkwiesel.de\/wp-content\/uploads\/sites\/4\/2026\/05\/Maschinengespraeche_Ensemble_016_c_Lex-Karelly-1536x1332.jpg 1536w, https:\/\/flinkwiesel.de\/wp-content\/uploads\/sites\/4\/2026\/05\/Maschinengespraeche_Ensemble_016_c_Lex-Karelly-14x12.jpg 14w, https:\/\/flinkwiesel.de\/wp-content\/uploads\/sites\/4\/2026\/05\/Maschinengespraeche_Ensemble_016_c_Lex-Karelly.jpg 2000w\" sizes=\"(max-width: 1024px) 100vw, 1024px\" \/><button\n\t\t\tclass=\"lightbox-trigger\"\n\t\t\ttype=\"button\"\n\t\t\taria-haspopup=\"dialog\"\n\t\t\taria-label=\"Enlarge\"\n\t\t\tdata-wp-init=\"callbacks.initTriggerButton\"\n\t\t\tdata-wp-on-async--click=\"actions.showLightbox\"\n\t\t\tdata-wp-style--right=\"state.imageButtonRight\"\n\t\t\tdata-wp-style--top=\"state.imageButtonTop\"\n\t\t>\n\t\t\t<svg xmlns=\"http:\/\/www.w3.org\/2000\/svg\" width=\"12\" height=\"12\" fill=\"none\" viewbox=\"0 0 12 12\">\n\t\t\t\t<path fill=\"#fff\" d=\"M2 0a2 2 0 0 0-2 2v2h1.5V2a.5.5 0 0 1 .5-.5h2V0H2Zm2 10.5H2a.5.5 0 0 1-.5-.5V8H0v2a2 2 0 0 0 2 2h2v-1.5ZM8 12v-1.5h2a.5.5 0 0 0 .5-.5V8H12v2a2 2 0 0 1-2 2H8Zm2-12a2 2 0 0 1 2 2v2h-1.5V2a.5.5 0 0 0-.5-.5H8V0h2Z\" \/>\n\t\t\t<\/svg>\n\t\t<\/button><\/figure>\n\n\n\n<figure data-wp-context=\"{&quot;imageId&quot;:&quot;6a071ef34ff9c&quot;}\" data-wp-interactive=\"core\/image\" class=\"wp-block-image size-large wp-lightbox-container\"><img decoding=\"async\" width=\"1024\" height=\"682\" data-wp-class--hide=\"state.isContentHidden\" data-wp-class--show=\"state.isContentVisible\" data-wp-init=\"callbacks.setButtonStyles\" data-wp-on-async--click=\"actions.showLightbox\" data-wp-on-async--load=\"callbacks.setButtonStyles\" data-wp-on-async-window--resize=\"callbacks.setButtonStyles\" data-id=\"1519\" src=\"https:\/\/flinkwiesel.de\/wp-content\/uploads\/sites\/4\/2026\/05\/Maschinengespraeche_Ensemble_146_c_Lex-Karelly-1024x682.jpg\" alt=\"\" class=\"wp-image-1519\" srcset=\"https:\/\/flinkwiesel.de\/wp-content\/uploads\/sites\/4\/2026\/05\/Maschinengespraeche_Ensemble_146_c_Lex-Karelly-1024x682.jpg 1024w, https:\/\/flinkwiesel.de\/wp-content\/uploads\/sites\/4\/2026\/05\/Maschinengespraeche_Ensemble_146_c_Lex-Karelly-768x512.jpg 768w, https:\/\/flinkwiesel.de\/wp-content\/uploads\/sites\/4\/2026\/05\/Maschinengespraeche_Ensemble_146_c_Lex-Karelly-1536x1024.jpg 1536w, https:\/\/flinkwiesel.de\/wp-content\/uploads\/sites\/4\/2026\/05\/Maschinengespraeche_Ensemble_146_c_Lex-Karelly-18x12.jpg 18w, https:\/\/flinkwiesel.de\/wp-content\/uploads\/sites\/4\/2026\/05\/Maschinengespraeche_Ensemble_146_c_Lex-Karelly.jpg 2000w\" sizes=\"(max-width: 1024px) 100vw, 1024px\" \/><button\n\t\t\tclass=\"lightbox-trigger\"\n\t\t\ttype=\"button\"\n\t\t\taria-haspopup=\"dialog\"\n\t\t\taria-label=\"Enlarge\"\n\t\t\tdata-wp-init=\"callbacks.initTriggerButton\"\n\t\t\tdata-wp-on-async--click=\"actions.showLightbox\"\n\t\t\tdata-wp-style--right=\"state.imageButtonRight\"\n\t\t\tdata-wp-style--top=\"state.imageButtonTop\"\n\t\t>\n\t\t\t<svg xmlns=\"http:\/\/www.w3.org\/2000\/svg\" width=\"12\" height=\"12\" fill=\"none\" viewbox=\"0 0 12 12\">\n\t\t\t\t<path fill=\"#fff\" d=\"M2 0a2 2 0 0 0-2 2v2h1.5V2a.5.5 0 0 1 .5-.5h2V0H2Zm2 10.5H2a.5.5 0 0 1-.5-.5V8H0v2a2 2 0 0 0 2 2h2v-1.5ZM8 12v-1.5h2a.5.5 0 0 0 .5-.5V8H12v2a2 2 0 0 1-2 2H8Zm2-12a2 2 0 0 1 2 2v2h-1.5V2a.5.5 0 0 0-.5-.5H8V0h2Z\" \/>\n\t\t\t<\/svg>\n\t\t<\/button><\/figure>\n\n\n\n<figure data-wp-context=\"{&quot;imageId&quot;:&quot;6a071ef3505b6&quot;}\" data-wp-interactive=\"core\/image\" class=\"wp-block-image size-large wp-lightbox-container\"><img decoding=\"async\" width=\"1024\" height=\"683\" data-wp-class--hide=\"state.isContentHidden\" data-wp-class--show=\"state.isContentVisible\" data-wp-init=\"callbacks.setButtonStyles\" data-wp-on-async--click=\"actions.showLightbox\" data-wp-on-async--load=\"callbacks.setButtonStyles\" data-wp-on-async-window--resize=\"callbacks.setButtonStyles\" data-id=\"1516\" src=\"https:\/\/flinkwiesel.de\/wp-content\/uploads\/sites\/4\/2026\/05\/Maschinengespraeche_Greta-Plenkers_084_c_Lex-Karelly-1024x683.jpg\" alt=\"\" class=\"wp-image-1516\" srcset=\"https:\/\/flinkwiesel.de\/wp-content\/uploads\/sites\/4\/2026\/05\/Maschinengespraeche_Greta-Plenkers_084_c_Lex-Karelly-1024x683.jpg 1024w, https:\/\/flinkwiesel.de\/wp-content\/uploads\/sites\/4\/2026\/05\/Maschinengespraeche_Greta-Plenkers_084_c_Lex-Karelly-768x512.jpg 768w, https:\/\/flinkwiesel.de\/wp-content\/uploads\/sites\/4\/2026\/05\/Maschinengespraeche_Greta-Plenkers_084_c_Lex-Karelly-1536x1024.jpg 1536w, https:\/\/flinkwiesel.de\/wp-content\/uploads\/sites\/4\/2026\/05\/Maschinengespraeche_Greta-Plenkers_084_c_Lex-Karelly-2048x1365.jpg 2048w, https:\/\/flinkwiesel.de\/wp-content\/uploads\/sites\/4\/2026\/05\/Maschinengespraeche_Greta-Plenkers_084_c_Lex-Karelly-18x12.jpg 18w\" sizes=\"(max-width: 1024px) 100vw, 1024px\" \/><button\n\t\t\tclass=\"lightbox-trigger\"\n\t\t\ttype=\"button\"\n\t\t\taria-haspopup=\"dialog\"\n\t\t\taria-label=\"Enlarge\"\n\t\t\tdata-wp-init=\"callbacks.initTriggerButton\"\n\t\t\tdata-wp-on-async--click=\"actions.showLightbox\"\n\t\t\tdata-wp-style--right=\"state.imageButtonRight\"\n\t\t\tdata-wp-style--top=\"state.imageButtonTop\"\n\t\t>\n\t\t\t<svg xmlns=\"http:\/\/www.w3.org\/2000\/svg\" width=\"12\" height=\"12\" fill=\"none\" viewbox=\"0 0 12 12\">\n\t\t\t\t<path fill=\"#fff\" d=\"M2 0a2 2 0 0 0-2 2v2h1.5V2a.5.5 0 0 1 .5-.5h2V0H2Zm2 10.5H2a.5.5 0 0 1-.5-.5V8H0v2a2 2 0 0 0 2 2h2v-1.5ZM8 12v-1.5h2a.5.5 0 0 0 .5-.5V8H12v2a2 2 0 0 1-2 2H8Zm2-12a2 2 0 0 1 2 2v2h-1.5V2a.5.5 0 0 0-.5-.5H8V0h2Z\" \/>\n\t\t\t<\/svg>\n\t\t<\/button><\/figure>\n\n\n\n<figure data-wp-context=\"{&quot;imageId&quot;:&quot;6a071ef35121d&quot;}\" data-wp-interactive=\"core\/image\" class=\"wp-block-image size-large wp-lightbox-container\"><img decoding=\"async\" width=\"1024\" height=\"431\" data-wp-class--hide=\"state.isContentHidden\" data-wp-class--show=\"state.isContentVisible\" data-wp-init=\"callbacks.setButtonStyles\" data-wp-on-async--click=\"actions.showLightbox\" data-wp-on-async--load=\"callbacks.setButtonStyles\" data-wp-on-async-window--resize=\"callbacks.setButtonStyles\" data-id=\"1515\" src=\"https:\/\/flinkwiesel.de\/wp-content\/uploads\/sites\/4\/2026\/05\/Maschinengespraeche_Ensemble_026_c_Lex-Karelly-1024x431.jpg\" alt=\"\" class=\"wp-image-1515\" srcset=\"https:\/\/flinkwiesel.de\/wp-content\/uploads\/sites\/4\/2026\/05\/Maschinengespraeche_Ensemble_026_c_Lex-Karelly-1024x431.jpg 1024w, https:\/\/flinkwiesel.de\/wp-content\/uploads\/sites\/4\/2026\/05\/Maschinengespraeche_Ensemble_026_c_Lex-Karelly-768x323.jpg 768w, https:\/\/flinkwiesel.de\/wp-content\/uploads\/sites\/4\/2026\/05\/Maschinengespraeche_Ensemble_026_c_Lex-Karelly-1536x647.jpg 1536w, https:\/\/flinkwiesel.de\/wp-content\/uploads\/sites\/4\/2026\/05\/Maschinengespraeche_Ensemble_026_c_Lex-Karelly-2048x862.jpg 2048w, https:\/\/flinkwiesel.de\/wp-content\/uploads\/sites\/4\/2026\/05\/Maschinengespraeche_Ensemble_026_c_Lex-Karelly-18x8.jpg 18w\" sizes=\"(max-width: 1024px) 100vw, 1024px\" \/><button\n\t\t\tclass=\"lightbox-trigger\"\n\t\t\ttype=\"button\"\n\t\t\taria-haspopup=\"dialog\"\n\t\t\taria-label=\"Enlarge\"\n\t\t\tdata-wp-init=\"callbacks.initTriggerButton\"\n\t\t\tdata-wp-on-async--click=\"actions.showLightbox\"\n\t\t\tdata-wp-style--right=\"state.imageButtonRight\"\n\t\t\tdata-wp-style--top=\"state.imageButtonTop\"\n\t\t>\n\t\t\t<svg xmlns=\"http:\/\/www.w3.org\/2000\/svg\" width=\"12\" height=\"12\" fill=\"none\" viewbox=\"0 0 12 12\">\n\t\t\t\t<path fill=\"#fff\" d=\"M2 0a2 2 0 0 0-2 2v2h1.5V2a.5.5 0 0 1 .5-.5h2V0H2Zm2 10.5H2a.5.5 0 0 1-.5-.5V8H0v2a2 2 0 0 0 2 2h2v-1.5ZM8 12v-1.5h2a.5.5 0 0 0 .5-.5V8H12v2a2 2 0 0 1-2 2H8Zm2-12a2 2 0 0 1 2 2v2h-1.5V2a.5.5 0 0 0-.5-.5H8V0h2Z\" \/>\n\t\t\t<\/svg>\n\t\t<\/button><\/figure>\n<\/figure>","protected":false},"excerpt":{"rendered":"<p>Oder: Ich liebe es, wenn Siri meinen Namen sagt. Ein live generierter Theaterabend f\u00fcr acht Chatbots,&hellip;<\/p>","protected":false},"author":1,"featured_media":1516,"parent":0,"menu_order":0,"comment_status":"closed","ping_status":"closed","template":"","meta":{"footnotes":""},"class_list":["post-1514","page","type-page","status-publish","has-post-thumbnail","hentry"],"_links":{"self":[{"href":"https:\/\/flinkwiesel.de\/en\/wp-json\/wp\/v2\/pages\/1514","targetHints":{"allow":["GET"]}}],"collection":[{"href":"https:\/\/flinkwiesel.de\/en\/wp-json\/wp\/v2\/pages"}],"about":[{"href":"https:\/\/flinkwiesel.de\/en\/wp-json\/wp\/v2\/types\/page"}],"author":[{"embeddable":true,"href":"https:\/\/flinkwiesel.de\/en\/wp-json\/wp\/v2\/users\/1"}],"replies":[{"embeddable":true,"href":"https:\/\/flinkwiesel.de\/en\/wp-json\/wp\/v2\/comments?post=1514"}],"version-history":[{"count":12,"href":"https:\/\/flinkwiesel.de\/en\/wp-json\/wp\/v2\/pages\/1514\/revisions"}],"predecessor-version":[{"id":1535,"href":"https:\/\/flinkwiesel.de\/en\/wp-json\/wp\/v2\/pages\/1514\/revisions\/1535"}],"wp:featuredmedia":[{"embeddable":true,"href":"https:\/\/flinkwiesel.de\/en\/wp-json\/wp\/v2\/media\/1516"}],"wp:attachment":[{"href":"https:\/\/flinkwiesel.de\/en\/wp-json\/wp\/v2\/media?parent=1514"}],"curies":[{"name":"wp","href":"https:\/\/api.w.org\/{rel}","templated":true}]}}